{"id":2,"date":"2016-02-04T20:02:35","date_gmt":"2016-02-04T19:02:35","guid":{"rendered":"http:\/\/test.reil.de\/\/?page_id=2"},"modified":"2018-05-01T09:35:57","modified_gmt":"2018-05-01T07:35:57","slug":"sample-page","status":"publish","type":"page","link":"https:\/\/reil.de\/","title":{"rendered":"reil.de"},"content":{"rendered":"<p>Sie befinden sich auf den Webseiten der Familie Reil.<\/p>\n<p>Wir nutzen diese Domain prim\u00e4r f\u00fcr den Famili\u00e4ren Datenaustausch. Die Anzahl der einzelnen Seiten wird sich somit in einem sehr \u00fcberschaubaren Rahmen halten. Trotzdem sind sie herzlich willkommen und eventuell finden sie ja etwas Interessantes auf unserer Linkliste.<\/p>\n<p class=\"video\" style=\"text-align: center\">\n","protected":false},"excerpt":{"rendered":"<p>Sie befinden sich auf den Webseiten der Familie Reil. Wir nutzen diese Domain prim\u00e4r f\u00fcr den Famili\u00e4ren Datenaustausch. Die Anzahl der einzelnen Seiten wird sich somit in einem sehr \u00fcberschaubaren Rahmen halten. Trotzdem sind sie herzlich willkommen und eventuell finden sie ja etwas Interessantes auf unserer Linkliste.<\/p>\n","protected":false},"author":1,"featured_media":4,"parent":0,"menu_order":0,"comment_status":"closed","ping_status":"closed","template":"","meta":{"footnotes":""},"class_list":["post-2","page","type-page","status-publish","has-post-thumbnail","hentry"],"_links":{"self":[{"href":"https:\/\/reil.de\/index.php?rest_route=\/wp\/v2\/pages\/2"}],"collection":[{"href":"https:\/\/reil.de\/index.php?rest_route=\/wp\/v2\/pages"}],"about":[{"href":"https:\/\/reil.de\/index.php?rest_route=\/wp\/v2\/types\/page"}],"author":[{"embeddable":true,"href":"https:\/\/reil.de\/index.php?rest_route=\/wp\/v2\/users\/1"}],"replies":[{"embeddable":true,"href":"https:\/\/reil.de\/index.php?rest_route=%2Fwp%2Fv2%2Fcomments&post=2"}],"version-history":[{"count":10,"href":"https:\/\/reil.de\/index.php?rest_route=\/wp\/v2\/pages\/2\/revisions"}],"predecessor-version":[{"id":83,"href":"https:\/\/reil.de\/index.php?rest_route=\/wp\/v2\/pages\/2\/revisions\/83"}],"wp:featuredmedia":[{"embeddable":true,"href":"https:\/\/reil.de\/index.php?rest_route=\/wp\/v2\/media\/4"}],"wp:attachment":[{"href":"https:\/\/reil.de\/index.php?rest_route=%2Fwp%2Fv2%2Fmedia&parent=2"}],"curies":[{"name":"wp","href":"https:\/\/api.w.org\/{rel}","templated":true}]}}